{"id":175,"date":"2025-01-29T11:02:10","date_gmt":"2025-01-29T10:02:10","guid":{"rendered":"https:\/\/urlaub-am-bodensee.net\/?page_id=175"},"modified":"2025-02-13T21:57:38","modified_gmt":"2025-02-13T20:57:38","slug":"martin-i","status":"publish","type":"page","link":"https:\/\/urlaub-am-bodensee.net\/?page_id=175","title":{"rendered":"Martin I\u00a0"},"content":{"rendered":"\n<h1 class=\"wp-block-heading\">Neu\u2026 in 2min. am Bodensee<\/h1>\n\n\n\n<p>Unsere Ferienwohnung in \u00dcberlingen, Gartenstra\u00dfe 6<\/p>\n\n\n\n<p><\/p>\n\n\n\n<div class=\"wp-block-group is-vertical is-layout-flex wp-container-core-group-is-layout-8cf370e7 wp-block-group-is-layout-flex\">\n<p>Ausstattung:<\/p>\n\n\n\n<p>2,5 Zimmer (50qm) f\u00fcr bis zu 3 Personen liegt nahe zum See\u2014 ruhig, idyllisch, im Ortszentrum\/ Wohngebiet. Neu renoviert. Schlafzimmer mit Doppelbett, Bad mit Badewanne inkl. Duschkabine\/WC, hochwertige Schlafcouch im Wohnbereich, voll ausgestattete K\u00fcche mit Geschirrsp\u00fcler, Waschmaschine. WLAN Zugang, Kabel-TV- Anschluss.<\/p>\n<\/div>\n\n\n\n<p>Service: Geschirrt\u00fccher, Bettw\u00e4sche, Handt\u00fccher;<\/p>\n\n\n\n<p>Bei Bedarf: Kinderbett, Hochstuhl, Fahrradabstellplatz<\/p>\n\n\n\n<p>Parken: Parkhaus WEST in \u00dcberlingen ca. 200m entfernt. Bei An- und Abreise, Be- und Entladen direkt vor dem haus m\u00f6glich.&nbsp;<\/p>\n\n\n\n<p>Nichtraucher Wohnung<\/p>\n\n\n\n<p>Die geschmackvoll eingerichtete Wohnung liegt nahe dem Herzen der Stadt \u00dcberlingen, etwa 2 Gehminuten vom See entfernt. B\u00e4ckereien mit reichem Angebot und gute Gastronomie direkt neben an. <\/p>\n\n\n\n<p>Die Bodenseetherme und das Westbad sind zu Fu\u00df in 10 min. zu erreichen.&nbsp;<\/p>\n\n\n\n<p>Genie\u00dfen Sie Ihre wohlverdiente freie Zeit in ruhiger und direkter N\u00e4he zum, Bodensee. Bus und Bahn in K\u00fcrze zu erreichen, um die ganze Bodenseelandschaft erkunden zu k\u00f6nnen mit der ECHT\u2014BodenseeCart.<\/p>\n\n\n\n<p>Mindestaufenthalt 3 N\u00e4chte&nbsp;<\/p>\n\n\n\n<p>Anreise ab 14 Uhr oder nach Absprache Abreise bis 10 Uhr&nbsp;<\/p>\n\n\n\n<div class=\"wp-block-group is-vertical is-layout-flex wp-container-core-group-is-layout-8cf370e7 wp-block-group-is-layout-flex\">\n<div class=\"wp-block-group is-vertical is-layout-flex wp-container-core-group-is-layout-8cf370e7 wp-block-group-is-layout-flex\">\n<p class=\"has-text-color has-link-color wp-elements-15757bc36272229ad2e7161ade71529c\" style=\"color:#0c448d;text-decoration:underline\"><\/p>\n<\/div>\n\n\n\n<p><\/p>\n<\/div>\n\n\n\n<p><\/p>\n","protected":false},"excerpt":{"rendered":"<p>Neu\u2026 in 2min. am Bodensee Unsere Ferienwohnung in \u00dcberlingen, Gartenstra\u00dfe 6 Ausstattung: 2,5 Zimmer (50qm) f\u00fcr bis zu 3 Personen liegt nahe zum See\u2014 ruhig, idyllisch, im Ortszentrum\/ Wohngebiet. Neu renoviert. Schlafzimmer mit Doppelbett, Bad mit Badewanne inkl. Duschkabine\/WC, hochwertige Schlafcouch im Wohnbereich, voll ausgestattete K\u00fcche mit Geschirrsp\u00fcler, Waschmaschine. WLAN Zugang, Kabel-TV- Anschluss. Service: Geschirrt\u00fccher, &hellip; <\/p>\n<p class=\"link-more\"><a href=\"https:\/\/urlaub-am-bodensee.net\/?page_id=175\" class=\"more-link\"><span class=\"screen-reader-text\">\u201eMartin I\u00a0\u201c<\/span> weiterlesen<\/a><\/p>\n","protected":false},"author":1,"featured_media":0,"parent":0,"menu_order":0,"comment_status":"closed","ping_status":"closed","template":"","meta":{"footnotes":""},"class_list":["post-175","page","type-page","status-publish","hentry"],"_links":{"self":[{"href":"https:\/\/urlaub-am-bodensee.net\/index.php?rest_route=\/wp\/v2\/pages\/175","targetHints":{"allow":["GET"]}}],"collection":[{"href":"https:\/\/urlaub-am-bodensee.net\/index.php?rest_route=\/wp\/v2\/pages"}],"about":[{"href":"https:\/\/urlaub-am-bodensee.net\/index.php?rest_route=\/wp\/v2\/types\/page"}],"author":[{"embeddable":true,"href":"https:\/\/urlaub-am-bodensee.net\/index.php?rest_route=\/wp\/v2\/users\/1"}],"replies":[{"embeddable":true,"href":"https:\/\/urlaub-am-bodensee.net\/index.php?rest_route=%2Fwp%2Fv2%2Fcomments&post=175"}],"version-history":[{"count":8,"href":"https:\/\/urlaub-am-bodensee.net\/index.php?rest_route=\/wp\/v2\/pages\/175\/revisions"}],"predecessor-version":[{"id":206,"href":"https:\/\/urlaub-am-bodensee.net\/index.php?rest_route=\/wp\/v2\/pages\/175\/revisions\/206"}],"wp:attachment":[{"href":"https:\/\/urlaub-am-bodensee.net\/index.php?rest_route=%2Fwp%2Fv2%2Fmedia&parent=175"}],"curies":[{"name":"wp","href":"https:\/\/api.w.org\/{rel}","templated":true}]}}