{"id":185,"date":"2025-01-29T11:11:47","date_gmt":"2025-01-29T10:11:47","guid":{"rendered":"https:\/\/urlaub-am-bodensee.net\/?page_id=185"},"modified":"2025-01-29T11:11:47","modified_gmt":"2025-01-29T10:11:47","slug":"martin-ii","status":"publish","type":"page","link":"https:\/\/urlaub-am-bodensee.net\/?page_id=185","title":{"rendered":"Martin II \u00a0"},"content":{"rendered":"\n<h1 class=\"wp-block-heading\">1A Lage \u2026 direkte Bodensee N\u00e4he\u00a0<\/h1>\n\n\n\n<p id=\"block-6e786a39-2d5b-4f70-8436-165e18e57340\"><\/p>\n\n\n\n<div class=\"wp-block-group is-vertical is-layout-flex wp-container-core-group-is-layout-8cf370e7 wp-block-group-is-layout-flex\">\n<p>Ausstattung:<\/p>\n\n\n\n<p>2,5 Zimmer (60 qm) f\u00fcr bis zu 4 Personen mit Blick auf den Bodensee und die Alpen. Schlafzimmer mit Doppelbett, Bad mit Dusche\/WC, Schlaf- Couch im Wohnbereich, voll ausgestattete K\u00fcche mit Geschirrsp\u00fcler, Waschmaschine und Balkon. WLAN, Kabel-TV-Anschluss, Balkon mit Seesicht.&nbsp;<\/p>\n<\/div>\n\n\n\n<p>Service: Geschirrt\u00fccher, Bettw\u00e4sche, Handt\u00fccher<\/p>\n\n\n\n<p>Bei Bedarf: Kinderbett, Hochstuhl, Fahrrad unterstell M\u00f6glichkeit <\/p>\n\n\n\n<p>Parken: freistehender Stellplatz<\/p>\n\n\n\n<p>Nichtraucher Wohnung<\/p>\n\n\n\n<p>Die exklusiv modernisierte Wohnung, liegt nahe dem Herzen der Stadt \u00dcberlingen, etwa 3 Gehminuten vom See entfernt. Vom Balkon des Mehrfamilienhauses blicken Sie direkt auf den Bodensee und den vorgelagerten Garten. Der Garten ist sehr ruhig und in Richtung S\u00fcden gelegen. In direkter Erreichbarkeit die Haltestelle des Stadtbus (20 min. Pendelverkehr)<\/p>\n\n\n\n<p>Mindestaufenthalt 3 N\u00e4chte&nbsp;<\/p>\n\n\n\n<p>Anreise ab 14 Uhr oder nach Absprache Abreise bis 10 Uhr&nbsp;<\/p>\n","protected":false},"excerpt":{"rendered":"<p>1A Lage \u2026 direkte Bodensee N\u00e4he\u00a0 Ausstattung: 2,5 Zimmer (60 qm) f\u00fcr bis zu 4 Personen mit Blick auf den Bodensee und die Alpen. Schlafzimmer mit Doppelbett, Bad mit Dusche\/WC, Schlaf- Couch im Wohnbereich, voll ausgestattete K\u00fcche mit Geschirrsp\u00fcler, Waschmaschine und Balkon. WLAN, Kabel-TV-Anschluss, Balkon mit Seesicht.&nbsp; Service: Geschirrt\u00fccher, Bettw\u00e4sche, Handt\u00fccher Bei Bedarf: Kinderbett, Hochstuhl, &hellip; <\/p>\n<p class=\"link-more\"><a href=\"https:\/\/urlaub-am-bodensee.net\/?page_id=185\" class=\"more-link\"><span class=\"screen-reader-text\">\u201eMartin II \u00a0\u201c<\/span> weiterlesen<\/a><\/p>\n","protected":false},"author":1,"featured_media":0,"parent":0,"menu_order":0,"comment_status":"closed","ping_status":"closed","template":"","meta":{"footnotes":""},"class_list":["post-185","page","type-page","status-publish","hentry"],"_links":{"self":[{"href":"https:\/\/urlaub-am-bodensee.net\/index.php?rest_route=\/wp\/v2\/pages\/185","targetHints":{"allow":["GET"]}}],"collection":[{"href":"https:\/\/urlaub-am-bodensee.net\/index.php?rest_route=\/wp\/v2\/pages"}],"about":[{"href":"https:\/\/urlaub-am-bodensee.net\/index.php?rest_route=\/wp\/v2\/types\/page"}],"author":[{"embeddable":true,"href":"https:\/\/urlaub-am-bodensee.net\/index.php?rest_route=\/wp\/v2\/users\/1"}],"replies":[{"embeddable":true,"href":"https:\/\/urlaub-am-bodensee.net\/index.php?rest_route=%2Fwp%2Fv2%2Fcomments&post=185"}],"version-history":[{"count":2,"href":"https:\/\/urlaub-am-bodensee.net\/index.php?rest_route=\/wp\/v2\/pages\/185\/revisions"}],"predecessor-version":[{"id":187,"href":"https:\/\/urlaub-am-bodensee.net\/index.php?rest_route=\/wp\/v2\/pages\/185\/revisions\/187"}],"wp:attachment":[{"href":"https:\/\/urlaub-am-bodensee.net\/index.php?rest_route=%2Fwp%2Fv2%2Fmedia&parent=185"}],"curies":[{"name":"wp","href":"https:\/\/api.w.org\/{rel}","templated":true}]}}