{"id":190,"date":"2025-01-29T11:25:09","date_gmt":"2025-01-29T10:25:09","guid":{"rendered":"https:\/\/urlaub-am-bodensee.net\/?page_id=190"},"modified":"2025-02-13T22:07:58","modified_gmt":"2025-02-13T21:07:58","slug":"martin-iii","status":"publish","type":"page","link":"https:\/\/urlaub-am-bodensee.net\/?page_id=190","title":{"rendered":"Martin III"},"content":{"rendered":"\n<h1 class=\"wp-block-heading\">NEU &#8211; BIO Komfort  Wohnung mit Seesicht<\/h1>\n\n\n\n<p>Unsere Ferienwohnung in \u00dcberlingen, Alte Owingerstra\u00dfe 39<\/p>\n\n\n\n<p>Ausstattung:<\/p>\n\n\n\n<p>2,5 Zimmer (58 qm) f\u00fcr bis zu 4 Personen,\u2014 helle weitr\u00e4umige Ferienwohnung \u00fcber den D\u00e4chern der Stadt \u00dcberlingen. Alles in h\u00f6chster Bioqualit\u00e4t: Mit Liebe zum Detail und zur Natur. Schlafzimmer mit Doppelbett und Alpensicht, kleiner Extraschlafraum mit Matratzen, Bad mit frei zug\u00e4nglicher Dusche\/WC und Badewanne, voll ausgestattete K\u00fcche mit Geschirrsp\u00fcler. Balkon mit Traumsicht. WLAN, Kabel-TV-Anschluss.<\/p>\n\n\n\n<p>Service: Bettw\u00e4sche, Handt\u00fccher, Geschirrt\u00fccher<\/p>\n\n\n\n<p>Bei Bedarf: Kinderbett, Hochstuhl, Fahrrad unterstellm\u00f6glichkeit<\/p>\n\n\n\n<p>Parken: Freistehender Stellplatz<\/p>\n\n\n\n<p>Nicht Raucher Wohnung<\/p>\n\n\n\n<p>Die moderne, hochwertige eingerichtete Bio Komfort Ferienwohnung ist ruhig gelegen und verf\u00fcgt \u00fcber einen Balkon mit sehr sch\u00f6ner See- und Bergsicht- traumhafter Weitblick der zum Ausruhen und Verweilen einl\u00e4dt.<\/p>\n\n\n\n<p>Die Wohnung ist mit ge\u00f6ltem Vollholz- Parkett ausgestattet. Die W\u00e4nde wurden in warmen T\u00f6nen mit Biosilikat Farbe belegt. Die gesamt Ausstattung entspricht den BIO Richtlinien. Bett und K\u00fcche, von Schreiner Hand in Massivholz gefertigt, geben der Wohnung besonderes Charisma.<\/p>\n\n\n\n<p>Im gem\u00fctlichen Wohnzimmer, genie\u00dfen Sie durch die gro\u00dfen Panoramafenster sonnengeflutete Atmosph\u00e4re der h\u00f6chsten Qualit\u00e4t.<\/p>\n\n\n\n<p>Nur 2 km vom Golfclub \u00dcberlingen entfernt. Vor der Haust\u00fcre die Haltestelle des Stadtbus mit 20 min. Pendelverkehr in die Stadt und zum See.&nbsp;<\/p>\n\n\n\n<p>Mindestaufenthalt 3 N\u00e4chte <\/p>\n\n\n\n<p>Anreise ab 14 Uhr oder nach Absprache, Abreise bis 10 Uhr <\/p>\n","protected":false},"excerpt":{"rendered":"<p>NEU &#8211; BIO Komfort Wohnung mit Seesicht Unsere Ferienwohnung in \u00dcberlingen, Alte Owingerstra\u00dfe 39 Ausstattung: 2,5 Zimmer (58 qm) f\u00fcr bis zu 4 Personen,\u2014 helle weitr\u00e4umige Ferienwohnung \u00fcber den D\u00e4chern der Stadt \u00dcberlingen. Alles in h\u00f6chster Bioqualit\u00e4t: Mit Liebe zum Detail und zur Natur. Schlafzimmer mit Doppelbett und Alpensicht, kleiner Extraschlafraum mit Matratzen, Bad mit &hellip; <\/p>\n<p class=\"link-more\"><a href=\"https:\/\/urlaub-am-bodensee.net\/?page_id=190\" class=\"more-link\"><span class=\"screen-reader-text\">\u201eMartin III\u201c<\/span> weiterlesen<\/a><\/p>\n","protected":false},"author":1,"featured_media":0,"parent":0,"menu_order":0,"comment_status":"closed","ping_status":"closed","template":"","meta":{"footnotes":""},"class_list":["post-190","page","type-page","status-publish","hentry"],"_links":{"self":[{"href":"https:\/\/urlaub-am-bodensee.net\/index.php?rest_route=\/wp\/v2\/pages\/190","targetHints":{"allow":["GET"]}}],"collection":[{"href":"https:\/\/urlaub-am-bodensee.net\/index.php?rest_route=\/wp\/v2\/pages"}],"about":[{"href":"https:\/\/urlaub-am-bodensee.net\/index.php?rest_route=\/wp\/v2\/types\/page"}],"author":[{"embeddable":true,"href":"https:\/\/urlaub-am-bodensee.net\/index.php?rest_route=\/wp\/v2\/users\/1"}],"replies":[{"embeddable":true,"href":"https:\/\/urlaub-am-bodensee.net\/index.php?rest_route=%2Fwp%2Fv2%2Fcomments&post=190"}],"version-history":[{"count":4,"href":"https:\/\/urlaub-am-bodensee.net\/index.php?rest_route=\/wp\/v2\/pages\/190\/revisions"}],"predecessor-version":[{"id":208,"href":"https:\/\/urlaub-am-bodensee.net\/index.php?rest_route=\/wp\/v2\/pages\/190\/revisions\/208"}],"wp:attachment":[{"href":"https:\/\/urlaub-am-bodensee.net\/index.php?rest_route=%2Fwp%2Fv2%2Fmedia&parent=190"}],"curies":[{"name":"wp","href":"https:\/\/api.w.org\/{rel}","templated":true}]}}